{"id":3612,"date":"2025-04-14T13:07:37","date_gmt":"2025-04-14T13:07:37","guid":{"rendered":"https:\/\/aciumedus.lt\/?page_id=3612"},"modified":"2025-04-14T13:07:38","modified_gmt":"2025-04-14T13:07:38","slug":"pirkimo-taisykles-ir-salygos","status":"publish","type":"page","link":"https:\/\/aciumedus.lt\/en\/pirkimo-taisykles-ir-salygos\/","title":{"rendered":"Purchase Terms &amp; Conditions"},"content":{"rendered":"<p><strong>Purchase Terms &amp; Conditions<\/strong><\/p>\n\n\n\n<ol class=\"wp-block-list\">\n<li><strong>Asmens duomen\u0173 apsauga.<\/strong><br>1.1. U\u017esisakyti prekes el. parduotuv\u0117je Pirk\u0117jas gali:<br>1.1.1. u\u017esiregistruodamas \u0161ioje el. parduotuv\u0117je \u2013 \u012fvesdamas registracijoje pra\u0161omus duomenis;<br>1.1.2. nesiregistruodamas \u0161ioje el. parduotuv\u0117je.<br>1.2. Pirk\u0117jas, u\u017esakydamas prekes 2.1. taisykli\u0173 punkte numatytais b\u016bdais, atitinkamuose Pardav\u0117jo pateikiamuose informacijos laukuose turi nurodyti preki\u0173 u\u017esakymo tinkamam \u012fvykdymui b\u016btinus Pirk\u0117jo asmens duomenis: vard\u0105, pavard\u0119, preki\u0173 pristatymo adres\u0105, telefono numer\u012f ir el. pa\u0161to adres\u0105.<br>1.3. Patvirtindamas \u0161ias taisykles Pirk\u0117jas sutinka, jog 2.2. punkte pateikti Pirk\u0117jo asmens duomenys b\u016bt\u0173 tvarkomi preki\u0173 ir paslaug\u0173 pardavimo el. parduotuv\u0117je, Pardav\u0117jo veiklos analiz\u0117s ir tiesiogin\u0117s rinkodaros tikslais.<br>1.4. Sutikdamas, kad Pirk\u0117jo asmens duomenys b\u016bt\u0173 tvarkomi preki\u0173 ir paslaug\u0173 pardavimo Pardav\u0117jo el. parduotuv\u0117je tikslu, Pirk\u0117jas taip pat sutinka, kad Pirk\u0117jo nurodytu el. pa\u0161to adresu ir telefono numeriu b\u016bt\u0173 siun\u010diami informaciniai prane\u0161imai, b\u016btini preki\u0173 u\u017esakymui \u012fvykdyti.<br>1.5. Pirk\u0117jas, u\u017esiregistruodamas el. parduotuv\u0117je bei u\u017esakydamas prekes, \u012fsipareigoja saugoti ir niekam neatskleisti prisijungimo duomen\u0173.<\/li>\n\n\n\n<li><strong>Pirk\u0117jo teis\u0117s ir \u012fsipareigojimai.<\/strong><br>2.1. Pirk\u0117jas turi teis\u0119 pirkti prekes el. parduotuv\u0117je \u0161i\u0173 Taisykli\u0173 ir kitose \u0161ios el. parduotuv\u0117s informacijos skiltyse nustatyta tvarka.<br>2.2. Pirk\u0117jas turi teis\u0119 atsisakyti preki\u0173 pirkimo \u2013 pardavimo sutarties su el. parduotuve, prane\u0161damas Pardav\u0117jui apie tai ra\u0161tu (el. pa\u0161tu, nurodant pageidaujam\u0105 gr\u0105\u017einti prek\u0119 ir jos u\u017esakymo numer\u012f) ne v\u0117liau kaip per 14 (keturiolika) darbo dien\u0173 nuo daikto pristatymo dienos, i\u0161skyrus atvejus, kai sutarties negalima atsisakyti pagal LR \u012fstatymus (pvz., kai sutartis sudaryta d\u0117l higienos preki\u0173 \u2013 patalyn\u0117s reikmen\u0173 \u2013 pardavimo; \u017er. informacij\u0105 V\u0161\u012e \u201eVartotoj\u0173 centras\u201c tinklalapyje http:\/\/www.vartotojucentras.lt\/istatymas.php?id=1038, \u201eNe maisto preki\u0173 gr\u0105\u017einimo ir keitimo ypatumai\u201c 18 punkt\u0105.).<br>2.3. Taisykli\u0173 2.2. punkte numatyta teise Pirk\u0117jas gali pasinaudoti tik tuo atveju, jeigu prek\u0117 nebuvo sugadinta arba i\u0161 esm\u0117s nepasikeit\u0117 jos i\u0161vaizda, taip pat ji nebuvo naudojama.<br>2.4. Pirk\u0117jas \u012fsipareigoja priimti u\u017esakytas prekes ir u\u017e jas sumok\u0117ti sutart\u0105 kain\u0105.<br>2.5. Jeigu pasikei\u010dia Pirk\u0117jo registracijos formoje pateikti duomenys, Pirk\u0117jas privalo nedelsdamas juos atnaujinti.<br>2.6. Pirk\u0117jas \u012fsipareigoja neperduoti tretiesiems asmenims savo prisijungimo duomen\u0173. Jei Pirk\u0117jas praranda prisijungimo duomenis, jis privalo nedelsiant informuoti apie tai Pardav\u0117j\u0105 skyriuje \u201eKontaktai\u201c nurodytomis susisiekimo priemon\u0117mis.<br>2.7. Pirk\u0117jas, naudodamasis el. parduotuve, sutinka su \u0161iomis pirkimo \u2013 pardavimo Taisykl\u0117mis ir \u012fsipareigoja j\u0173 laikytis bei nepa\u017eeisti LR teis\u0117s akt\u0173.<\/li>\n\n\n\n<li><strong>Pardav\u0117jo teis\u0117s ir \u012fsipareigojimai.<\/strong><br>3.1. Pardav\u0117jas \u012fsipareigoja sudaryti visas s\u0105lygas Pirk\u0117jui tinkamai naudotis el. parduotuv\u0117s teikiamomis paslaugomis.<br>3.2. Jei Pirk\u0117jas bando pakenkti Pardav\u0117jo el. parduotuv\u0117s darbo stabilumui ir saugumui ar pa\u017eeid\u017eia savo \u012fsipareigojimus, Pardav\u0117jas turi teis\u0119 nedelsiant ir be persp\u0117jimo apriboti ar sustabdyti Pirk\u0117jo galimyb\u0119 naudotis el. parduotuve arba i\u0161skirtiniais atvejais panaikinti Pirk\u0117jo registracij\u0105.<br>3.3. Pardav\u0117jas \u012fsipareigoja gerbti Pirk\u0117jo privatumo teis\u0119 \u012f Pirk\u0117jo priklausan\u010di\u0105 asmenin\u0119 informacij\u0105, nurodyt\u0105 el. parduotuv\u0117s registracijos formoje.<br>3.4. Pardav\u0117jas \u012fsipareigoja pristatyti Pirk\u0117jo u\u017esakytas prekes Pirk\u0117jo nurodytu adresu.<\/li>\n\n\n\n<li><strong>Pirkimo taisykl\u0117s.<\/strong><br>4.1. El. parduotuv\u0117je Pirk\u0117jas gali pirkti vis\u0105 par\u0105, 7 dienas per savait\u0119.<br>4.2. Sutartis pradeda galioti nuo to momento, kai Pirk\u0117jas paspaud\u017eia mygtuk\u0105 \u201ePatvirtinti u\u017esakym\u0105\u201c, o gav\u0119s u\u017esakym\u0105 Pardav\u0117jas j\u012f patvirtina \u2013 atsiun\u010dia patvirtinimo lai\u0161k\u0105 Pirk\u0117jo nurodytu el. pa\u0161tu.<br>4.3. Preki\u0173 kainos el. parduotuv\u0117je ir suformuotame u\u017esakyme nurodomos Eurais.<\/li>\n\n\n\n<li><strong>Pirkimo s\u0105lygos.<\/strong><br>5.1. Pirk\u0117jas atsiskaito u\u017e prekes vienu i\u0161 \u0161i\u0173 b\u016bd\u0173:<br>5.1.1. Atsiskaitymas banko pavedimu \u2013 tai i\u0161ankstinis atsiskaitymas, kai Pirk\u0117jas, atsispausdin\u0119s u\u017esakym\u0105 ir nu\u0117j\u0119s \u012f artimiausi\u0105 banko skyri\u0173, perveda pinigus \u012f el. parduotuv\u0117s banko s\u0105skait\u0105.<br>5.1.2. Atsiskaitymas per elektronin\u0119 Paysera (mok\u0117jimai.lt) mok\u0117jimo sistem\u0105, kurios pagalba Pirk\u0117jas \u012fsipareigoja u\u017e prekes sumok\u0117ti nedelsiant. Tik gavus apmok\u0117jim\u0105 u\u017e prekes pradedamas formuoti preki\u0173 siuntinys ir pradedamas skai\u010diuoti preki\u0173 pristatymo terminas.<\/li>\n<\/ol>\n\n\n\n<p>5.1.3. Atsiskaitymas banko kortel\u0117mis, Apple Pay, Google Pay per elektronin\u0119 Stripe mok\u0117jimo sistem\u0105, kurios pagalba Pirk\u0117jas \u012fsipareigoja u\u017e prekes sumok\u0117ti nedelsiant. Tik gavus apmok\u0117jim\u0105 u\u017e prekes pradedamas formuoti preki\u0173 siuntinys ir pradedamas skai\u010diuoti preki\u0173 pristatymo terminas.<\/p>\n\n\n\n<ol start=\"6\" class=\"wp-block-list\">\n<li><strong>Pristatymo taisykl\u0117s.<\/strong><br>6.1. Prekes Pardav\u0117jas pristato visoje Lietuvoje.<br>6.2. Pirk\u0117jas, u\u017esakymo metu pasirink\u0119s preki\u0173 pristatymo paslaug\u0105, \u012fsipareigoja nurodyti tiksl\u0173 preki\u0173 pristatymo adres\u0105, pa\u0161to kod\u0105, nurodyti tiksl\u0173 kontaktin\u012f telefono numer\u012f ir kit\u0105 papildom\u0105 informacij\u0105 (laiptin\u0117s kodas ar pan.).<br>6.3. Pirk\u0117jas \u012fsipareigoja prekes priimti pats. Tuo atveju, jei Pirk\u0117jas preki\u0173 pats priimti negali, o prek\u0117s pristatyti nurodytu adresu, Pirk\u0117jas neturi teis\u0117s reik\u0161ti Pardav\u0117jui pretenzij\u0173 d\u0117l preki\u0173 pristatymo netinkamam subjektui.<br>6.4.\u00a0Pirk\u0117jas \u012fsipareigoja priimti prekes sekan\u010di\u0105 dien\u0105 nuo prane\u0161imo gavimo, kad jam bus pristatyta siunta. Pirk\u0117jui nepri\u0117mus ir\/ar neatsi\u0117mus siuntos ji ve\u017eama pakartotinai. D\u0117l pakartotin\u0173 pristatym\u0173 Pardav\u0117jas turi teis\u0119 apmokestinti Pirk\u0117j\u0105, jei d\u0117l \u0161i\u0173 pristatym\u0173 bus patirtos papildomos i\u0161laidos.<br>6.5. Prekes pristato Pardav\u0117jas, Pardav\u0117jo \u012fgaliotas atstovas (kurjeris) arba AB \u201eLietuvos pa\u0161tas\u201c darbuotojas. Pirk\u0117jas turi galimyb\u0119 pasirinkti prek\u0117s pristatymo b\u016bd\u0105, atlikdamas prek\u0117s u\u017esakym\u0105 aciumedus.lt elektronin\u0117je parduotuv\u0117je.<br>6.6. Pardav\u0117jas pristato Pirk\u0117jui prekes vadovaudamasis Preki\u0173 apra\u0161ymuose nurodytais terminais. I\u0161imtiniais atvejais preki\u0173 pateikimas gali v\u0117luoti d\u0117l nenumatyt\u0173, nuo Pardav\u0117jo nepriklausan\u010di\u0173 aplinkybi\u0173. Tokiu atveju Pardav\u0117jas \u012fsipareigoja nedelsiant susisiekti su Pirk\u0117ju ir suderinti preki\u0173 pateikimo s\u0105lygas. Visais atvejais Pardav\u0117jas atleid\u017eiamas nuo atsakomyb\u0117s u\u017e preki\u0173 pateikimo termin\u0173 pa\u017eeidim\u0105, jeigu prek\u0117s Pirk\u0117jui n\u0117ra pateikiamos arba pateikiamos ne laiku d\u0117l Pirk\u0117jo kalt\u0117s arba d\u0117l nuo Pardav\u0117jo nepriklausan\u010di\u0173 aplinkybi\u0173.<br>6.7. Pirk\u0117jas pristatymo metu pasteb\u0117j\u0119s pakuot\u0117s pa\u017eeidimus privalo kurjerio pateikiamame siuntos pristatymo dokumente nurodyti pastabas arba sura\u0161yti atskir\u0105 akt\u0105 d\u0117l \u0161i\u0173 pa\u017eeidim\u0173. Tai Pirk\u0117jas privalo padaryti dalyvaujant kurjeriui. Neatlikus toki\u0173 veiksm\u0173 Pardav\u0117jas yra atleid\u017eiamas nuo atsakomyb\u0117s prie\u0161 Pirk\u0117j\u0105 d\u0117l preki\u0173 pa\u017eeidim\u0173, susijusi\u0173 su pakuot\u0117s pa\u017eeidimais, kuri\u0173 Pirk\u0117jas nepa\u017eym\u0117jo kurjerio preki\u0173 pristatymo dokumente.<br>6.8. Pirk\u0117jas savo nuo\u017ei\u016bra negali keisti preki\u0173 pristatymo adreso kai siunta yra i\u0161ve\u017eta. Jeigu pristatymo vieta yra pakei\u010diama asmeni\u0161kai tariantis su kurjeriu ar kita pristatym\u0105 teikian\u010dia tarnyba, Pardav\u0117jas neatsako u\u017e siunt\u0173 pristatymo termino vykdym\u0105 bei turi teis\u0119 papildomai apmokestinti Pirk\u0117j\u0105 u\u017e patirtas papildomas i\u0161laidas d\u0117l savavali\u0161ko kliento pristatymo adreso pakeitimo esant i\u0161si\u0173stai siuntai. (Patirtos i\u0161laidos gali b\u016bti padengiamos, i\u0161ra\u0161ant papildom\u0105 s\u0105skait\u0105 Pirk\u0117jui, arba\u00a0\u00a0i\u0161skai\u010diuojamos i\u0161 gr\u0105\u017einam\u0173 preki\u0173 sumos.<\/li>\n<\/ol>\n\n\n\n<ol start=\"7\" class=\"wp-block-list\">\n<li><strong>Preki\u0173 kokyb\u0117s, garantijos.<\/strong><br>7.1. Kiekvienos el. Parduotuv\u0117je aciumedus.lt parduodamos prek\u0117s duomenys bendrai nurodomi prie kiekvienos prek\u0117s esan\u010diame prek\u0117s apra\u0161yme.<br>7.2. Pardav\u0117jas neatsako u\u017e tai, kad el. parduotuv\u0117je esan\u010dios prek\u0117s savo spalva, forma ar kitais parametrais gali neatitikti realaus preki\u0173 dyd\u017eio, form\u0173 ir spalvos d\u0117l Pirk\u0117jo naudojamo vaizduoklio ypatybi\u0173.<br>7.3. Tam tikroms prek\u0117ms suteikiamas tam tikras prek\u0117s galiojimo terminas, kuris nurodomas ant produkto pakuot\u0117s.<br>7.4. Tais atvejais, kai remiantis teis\u0117s aktais konkre\u010di\u0173 preki\u0173 at\u017evilgiu nustatomas tam tikras tinkamumo naudoti terminas, Pardav\u0117jas \u012fsipareigoja tokias prekes parduoti Pirk\u0117jui taip, kad jam b\u016bt\u0173 suteikta reali galimyb\u0117 tokiomis prek\u0117mis pasinaudoti iki tinkamumo naudoti termino pabaigos.<\/li>\n\n\n\n<li><strong>Gr\u0105\u017einimo taisykles.<\/strong><br>8.1. Preki\u0173 gr\u0105\u017einimas vyksta vadovaujantis LR Vyriausyb\u0117s 2014 m. liepos m\u0117n. 22\u00a0d. nutarimu Nr. 738 (\u017din., 2014, Nr. 2014-10565) patvirtintomis ma\u017emenin\u0117s prekybos taisykl\u0117mis.<br>8.2. Nor\u0117damas gr\u0105\u017einti prek\u0119(-es) remiantis Taisykli\u0173 8.1. punktu, Pirk\u0117jas gali tai padaryti per 14 (keturiolika) darbo dien\u0173 nuo preki\u0173 pristatymo Pirk\u0117jui dienos, informuodamas Pardav\u0117j\u0105 kontakt\u0173 skyriuje nurodytu el. pa\u0161tu ir u\u017epildydamas speciali\u0105 preki\u0173 keitimo \u2013 gr\u0105\u017einimo form\u0105, nurodant joje gr\u0105\u017einamos prek\u0117s pavadinim\u0105, u\u017esakymo numer\u012f ir gr\u0105\u017einimo prie\u017eastis.<br>8.3. Pinigai bus pervesti \u012f Pirk\u0117jo nurodyt\u0105 banko s\u0105skait\u0105 ne v\u0117liau kaip per 14 dien\u0173 nuo gr\u0105\u017einimo gaminio ir tvarking\u0173 gr\u0105\u017einimo dokument\u0173\u00a0gavimo dienos.<br>8.4. Pirk\u0117jui gr\u0105\u017einant prekes, b\u016btina laikytis \u0161i\u0173 s\u0105lyg\u0173:<br>8.4.1. gr\u0105\u017einama prek\u0117 turi b\u016bti originalioje tvarkingoje pakuot\u0117je;<br>8.4.2. prek\u0117 turi b\u016bti Pirk\u0117jo nesugadinta;<br>8.4.3. prek\u0117 turi b\u016bti nenaudota, nepraradusi prekin\u0117s i\u0161vaizdos (nepa\u017eeistos etiket\u0117s, nenupl\u0117\u0161tos apsaugin\u0117s pl\u0117vel\u0117s ir kt.) (\u0161is punktas netaikomas tuo atveju, kai gr\u0105\u017einama nekokybi\u0161ka prek\u0117);<br>8.4.4. gr\u0105\u017einama prek\u0117 turi b\u016bti tos pa\u010dios komplektacijos, kokios Pirk\u0117jas j\u0105 gavo;<br>8.4.5. gr\u0105\u017einant prek\u0119 b\u016btina pateikti jos \u012fsigijimo dokument\u0105.<br>8.5. Pardav\u0117jas turi teis\u0119 nepriimti Pirk\u0117jo gr\u0105\u017einam\u0173 preki\u0173, jei Pirk\u0117jas nesilaiko 8.3. straipsnyje nustatytos preki\u0173 gr\u0105\u017einimo tvarkos.<br>8.6. Gr\u0105\u017einant gaut\u0105 ne t\u0105 ir\/ar nekokybi\u0161k\u0105 prek\u0119, Pardav\u0117jas \u012fsipareigoja atsiimti tokias prekes ir jas pakeisti analogi\u0161komis tinkamomis prek\u0117mis.<br>8.7. Tuo atveju, kai Pardav\u0117jas neturi pakeitimui tinkam\u0173 preki\u0173, Pirk\u0117jui gr\u0105\u017einama sumok\u0117ta suma, \u012fskaitant ir kain\u0105 u\u017e pristatym\u0105.<\/li>\n<\/ol>\n\n\n\n<ol start=\"9\" class=\"wp-block-list\">\n<li><strong>Pirk\u0117jo ir pardav\u0117jo atsakomyb\u0117.<\/strong><br>9.1. Pirk\u0117jas yra visi\u0161kai atsakingas u\u017e Pirk\u0117jo pateikiam\u0173 asmens duomen\u0173 teisingum\u0105. Jei Pirk\u0117jas nepateikia tiksli\u0173 asmens duomen\u0173 registracijos formoje, Pardav\u0117jas neatsako u\u017e d\u0117l to atsiradusius padarinius ir \u012fgyja teis\u0119 reikalauti i\u0161 Pirk\u0117jo patirt\u0173 tiesiogini\u0173 nuostoli\u0173 atlyginimo.<br>9.2. Pirk\u0117jas atsako u\u017e veiksmus, atliktus naudojantis \u0161ia el. parduotuve.<br>9.3. U\u017esiregistrav\u0119s Pirk\u0117jas atsako u\u017e savo prisijungimo duomen\u0173 perdavim\u0105 tretiesiems asmenims. Jei el. parduotuv\u0117s teikiamomis paslaugomis naudojasi tre\u010diasis asmuo, prisijung\u0119s prie el. parduotuv\u0117s naudodamasis Pirk\u0117jo prisijungimo duomenimis, Pardav\u0117jas \u0161\u012f asmen\u012f laikome Pirk\u0117ju.<br>9.4. Pardav\u0117jas atleid\u017eiamas nuo bet kokios atsakomyb\u0117s tais atvejais, kai nuostoliai kyla d\u0117l to, jog Pirk\u0117jas, neatsi\u017evelgdamas \u012f Pardav\u0117jo rekomendacijas ir Pirk\u0117jo \u012fsipareigojimus, nesusipa\u017eino su \u0161iomis Taisykl\u0117mis, nors tokia galimyb\u0117 jam buvo suteikta.<br>9.5. Jei Pardav\u0117jo el. parduotuv\u0117je yra nuorodos \u012f kit\u0173 \u012fmoni\u0173, \u012fstaig\u0173, organizacij\u0173 ar asmen\u0173 el. tinklalapius, Pardav\u0117jas n\u0117ra atsakingas u\u017e ten esan\u010di\u0105 informacij\u0105 ar vykdom\u0105 veikl\u0105, t\u0173 tinklapi\u0173 nepri\u017ei\u016bri, nekontroliuoja ir toms \u012fmon\u0117ms bei asmenims neatstovauja.<br>9.6. Atsiradus \u017ealai, kaltoji \u0160alis atlygina kitai \u0160aliai tiesioginius nuostolius.<\/li>\n\n\n\n<li><strong>Rinkodara ir informacija.<\/strong><br>10.1. Pardav\u0117jas savo nuo\u017ei\u016bra gali inicijuoti el. parduotuv\u0117je \u012fvairias akcijas.<br>10.2. Pardav\u0117jas turi teis\u0119 viena\u0161ali\u0161kai, be atskiro \u012fsp\u0117jimo, pakeisti akcij\u0173 s\u0105lygas, taip pat jas panaikinti. Bet koks akcij\u0173 s\u0105lyg\u0173 ir tvarkos pakeitimas ar panaikinimas galioja tik \u012f priek\u012f, t.y. nuo j\u0173 atlikimo momento.<br>10.3. Pardav\u0117jas visus prane\u0161imus siun\u010dia Pirk\u0117jo registracijos formoje nurodytomis susisiekimo priemon\u0117mis.<br>10.4. Pirk\u0117jas visus prane\u0161imus ir klausimus siun\u010dia Pardav\u0117jo el. parduotuv\u0117s skyriuje \u201eKontaktai\u201c nurodytais telefonais ir el. pa\u0161to adresais.<br>10.5. Pardav\u0117jas neatsako jei Pirk\u0117jas negauna siun\u010diam\u0173 informacini\u0173 ar patvirtinan\u010di\u0173 prane\u0161im\u0173 d\u0117l internetinio ry\u0161io, elektroninio pa\u0161to paslaug\u0173 tiek\u0117j\u0173 tinkl\u0173 sutrikim\u0173.<\/li>\n\n\n\n<li><strong>Baigiamosios nuostatos.<\/strong><br>11.1. \u0160ios preki\u0173 pirkimo \u2013 pardavimo Taisykl\u0117s sudarytos vadovaujantis LR \u012fstatymais ir teis\u0117s aktais.<\/li>\n<\/ol>\n\n\n\n<p>11.2. Visi nesutarimai, kil\u0119 d\u0117l \u0161i\u0173 Taisykli\u0173 vykdymo, sprend\u017eiami deryb\u0173 b\u016bdu. Nepavykus susitarti, gin\u010dai sprend\u017eiami LR \u012fstatym\u0173 nustatyta tvarka.<br>11.2. Visi prane\u0161imai \u201cA\u010di\u016b Medus\u201d turi b\u016bti teikiami elektroniniu pa\u0161tu <a href=\"mailto:info@aciumedus.lt\">info@aciumedus.lt<\/a> arba telefonu +37061152271.<\/p>","protected":false},"excerpt":{"rendered":"<p>Pirkimo taisykl\u0117s ir s\u0105lygos 5.1.3. Atsiskaitymas banko kortel\u0117mis, Apple Pay, Google Pay per elektronin\u0119 Stripe mok\u0117jimo sistem\u0105, kurios pagalba Pirk\u0117jas \u012fsipareigoja u\u017e prekes sumok\u0117ti nedelsiant. Tik gavus apmok\u0117jim\u0105 u\u017e prekes pradedamas formuoti preki\u0173 siuntinys ir pradedamas skai\u010diuoti preki\u0173 pristatymo terminas. 11.2. Visi nesutarimai, kil\u0119 d\u0117l \u0161i\u0173 Taisykli\u0173 vykdymo, sprend\u017eiami deryb\u0173 b\u016bdu. Nepavykus susitarti, gin\u010dai sprend\u017eiami [&hellip;]<\/p>\n","protected":false},"author":1,"featured_media":0,"parent":0,"menu_order":0,"comment_status":"closed","ping_status":"closed","template":"","meta":{"site-sidebar-layout":"default","site-content-layout":"","ast-site-content-layout":"default","site-content-style":"default","site-sidebar-style":"default","ast-global-header-display":"","ast-banner-title-visibility":"","ast-main-header-display":"","ast-hfb-above-header-display":"","ast-hfb-below-header-display":"","ast-hfb-mobile-header-display":"","site-post-title":"","ast-breadcrumbs-content":"","ast-featured-img":"","footer-sml-layout":"","ast-disable-related-posts":"","theme-transparent-header-meta":"","adv-header-id-meta":"","stick-header-meta":"","header-above-stick-meta":"","header-main-stick-meta":"","header-below-stick-meta":"","astra-migrate-meta-layouts":"set","ast-page-background-enabled":"default","ast-page-background-meta":{"desktop":{"background-color":"var(--ast-global-color-4)","background-image":"","background-repeat":"repeat","background-position":"center center","background-size":"auto","background-attachment":"scroll","background-type":"","background-media":"","overlay-type":"","overlay-color":"","overlay-opacity":"","overlay-gradient":""},"tablet":{"background-color":"","background-image":"","background-repeat":"repeat","background-position":"center center","background-size":"auto","background-attachment":"scroll","background-type":"","background-media":"","overlay-type":"","overlay-color":"","overlay-opacity":"","overlay-gradient":""},"mobile":{"background-color":"","background-image":"","background-repeat":"repeat","background-position":"center center","background-size":"auto","background-attachment":"scroll","background-type":"","background-media":"","overlay-type":"","overlay-color":"","overlay-opacity":"","overlay-gradient":""}},"ast-content-background-meta":{"desktop":{"background-color":"var(--ast-global-color-5)","background-image":"","background-repeat":"repeat","background-position":"center center","background-size":"auto","background-attachment":"scroll","background-type":"","background-media":"","overlay-type":"","overlay-color":"","overlay-opacity":"","overlay-gradient":""},"tablet":{"background-color":"var(--ast-global-color-5)","background-image":"","background-repeat":"repeat","background-position":"center center","background-size":"auto","background-attachment":"scroll","background-type":"","background-media":"","overlay-type":"","overlay-color":"","overlay-opacity":"","overlay-gradient":""},"mobile":{"background-color":"var(--ast-global-color-5)","background-image":"","background-repeat":"repeat","background-position":"center center","background-size":"auto","background-attachment":"scroll","background-type":"","background-media":"","overlay-type":"","overlay-color":"","overlay-opacity":"","overlay-gradient":""}},"footnotes":""},"class_list":["post-3612","page","type-page","status-publish","hentry"],"_links":{"self":[{"href":"https:\/\/aciumedus.lt\/en\/wp-json\/wp\/v2\/pages\/3612","targetHints":{"allow":["GET"]}}],"collection":[{"href":"https:\/\/aciumedus.lt\/en\/wp-json\/wp\/v2\/pages"}],"about":[{"href":"https:\/\/aciumedus.lt\/en\/wp-json\/wp\/v2\/types\/page"}],"author":[{"embeddable":true,"href":"https:\/\/aciumedus.lt\/en\/wp-json\/wp\/v2\/users\/1"}],"replies":[{"embeddable":true,"href":"https:\/\/aciumedus.lt\/en\/wp-json\/wp\/v2\/comments?post=3612"}],"version-history":[{"count":1,"href":"https:\/\/aciumedus.lt\/en\/wp-json\/wp\/v2\/pages\/3612\/revisions"}],"predecessor-version":[{"id":3613,"href":"https:\/\/aciumedus.lt\/en\/wp-json\/wp\/v2\/pages\/3612\/revisions\/3613"}],"wp:attachment":[{"href":"https:\/\/aciumedus.lt\/en\/wp-json\/wp\/v2\/media?parent=3612"}],"curies":[{"name":"wp","href":"https:\/\/api.w.org\/{rel}","templated":true}]}}