{"id":3224,"date":"2025-03-13T16:11:02","date_gmt":"2025-03-13T16:11:02","guid":{"rendered":"https:\/\/aciumedus.lt\/?post_type=product&#038;p=3224"},"modified":"2025-03-25T10:08:10","modified_gmt":"2025-03-25T10:08:10","slug":"medus-liepziedis","status":"publish","type":"product","link":"https:\/\/aciumedus.lt\/en\/product\/medus-liepziedis\/","title":{"rendered":"\"Linden Blossom\" Honey"},"content":{"rendered":"<p data-pm-slice=\"1 1 []\">Liep\u0173 \u017eied\u0173 medus \u2013 tai i\u0161skirtinio aromato ir lengvo, maloniai saldaus skonio produktas, surinktas i\u0161 liep\u0173 \u017eied\u0173 nektaro vasaros viduryje. Jis pasi\u017eymi \u0161viesiai geltona arba \u0161iek tiek gintarine spalva, maloniu g\u0117li\u0173 aromatu ir subtiliomis \u017eoleli\u0173 natomis. Tai ne tik skanus, bet ir naudingas medus \u2013 padeda stiprinti imunitet\u0105, ramina gerkl\u0119 ir turi antiseptini\u0173 savybi\u0173. Puikiai tinka arbatai, desertams ar nat\u016braliems gro\u017eio ritualams.<\/p>","protected":false},"excerpt":{"rendered":"<p>Tai i\u0161skirtinio aromato ir lengvo, maloniai saldaus skonio bi\u010di\u0173 produktas, surinktas i\u0161 liep\u0173 \u017eied\u0173 nektaro vasaros viduryje.<\/p>","protected":false},"featured_media":3266,"comment_status":"open","ping_status":"closed","template":"","meta":{"site-sidebar-layout":"default","site-content-layout":"","ast-site-content-layout":"default","site-content-style":"default","site-sidebar-style":"default","ast-global-header-display":"","ast-banner-title-visibility":"","ast-main-header-display":"","ast-hfb-above-header-display":"","ast-hfb-below-header-display":"","ast-hfb-mobile-header-display":"","site-post-title":"","ast-breadcrumbs-content":"","ast-featured-img":"","footer-sml-layout":"","ast-disable-related-posts":"","theme-transparent-header-meta":"default","adv-header-id-meta":"","stick-header-meta":"","header-above-stick-meta":"","header-main-stick-meta":"","header-below-stick-meta":"","astra-migrate-meta-layouts":"set","ast-page-background-enabled":"default","ast-page-background-meta":{"desktop":{"background-color":"var(--ast-global-color-4)","background-image":"","background-repeat":"repeat","background-position":"center center","background-size":"auto","background-attachment":"scroll","background-type":"","background-media":"","overlay-type":"","overlay-color":"","overlay-opacity":"","overlay-gradient":""},"tablet":{"background-color":"","background-image":"","background-repeat":"repeat","background-position":"center center","background-size":"auto","background-attachment":"scroll","background-type":"","background-media":"","overlay-type":"","overlay-color":"","overlay-opacity":"","overlay-gradient":""},"mobile":{"background-color":"","background-image":"","background-repeat":"repeat","background-position":"center center","background-size":"auto","background-attachment":"scroll","background-type":"","background-media":"","overlay-type":"","overlay-color":"","overlay-opacity":"","overlay-gradient":""}},"ast-content-background-meta":{"desktop":{"background-color":"var(--ast-global-color-5)","background-image":"","background-repeat":"repeat","background-position":"center center","background-size":"auto","background-attachment":"scroll","background-type":"","background-media":"","overlay-type":"","overlay-color":"","overlay-opacity":"","overlay-gradient":""},"tablet":{"background-color":"var(--ast-global-color-5)","background-image":"","background-repeat":"repeat","background-position":"center center","background-size":"auto","background-attachment":"scroll","background-type":"","background-media":"","overlay-type":"","overlay-color":"","overlay-opacity":"","overlay-gradient":""},"mobile":{"background-color":"var(--ast-global-color-5)","background-image":"","background-repeat":"repeat","background-position":"center center","background-size":"auto","background-attachment":"scroll","background-type":"","background-media":"","overlay-type":"","overlay-color":"","overlay-opacity":"","overlay-gradient":""}}},"product_brand":[],"product_cat":[23],"product_tag":[],"class_list":{"0":"post-3224","1":"product","2":"type-product","3":"status-publish","4":"has-post-thumbnail","6":"product_cat-medus","7":"desktop-align-left","8":"tablet-align-left","9":"mobile-align-left","11":"first","12":"instock","13":"shipping-taxable","14":"purchasable","15":"product-type-simple"},"_links":{"self":[{"href":"https:\/\/aciumedus.lt\/en\/wp-json\/wp\/v2\/product\/3224","targetHints":{"allow":["GET"]}}],"collection":[{"href":"https:\/\/aciumedus.lt\/en\/wp-json\/wp\/v2\/product"}],"about":[{"href":"https:\/\/aciumedus.lt\/en\/wp-json\/wp\/v2\/types\/product"}],"replies":[{"embeddable":true,"href":"https:\/\/aciumedus.lt\/en\/wp-json\/wp\/v2\/comments?post=3224"}],"wp:featuredmedia":[{"embeddable":true,"href":"https:\/\/aciumedus.lt\/en\/wp-json\/wp\/v2\/media\/3266"}],"wp:attachment":[{"href":"https:\/\/aciumedus.lt\/en\/wp-json\/wp\/v2\/media?parent=3224"}],"wp:term":[{"taxonomy":"product_brand","embeddable":true,"href":"https:\/\/aciumedus.lt\/en\/wp-json\/wp\/v2\/product_brand?post=3224"},{"taxonomy":"product_cat","embeddable":true,"href":"https:\/\/aciumedus.lt\/en\/wp-json\/wp\/v2\/product_cat?post=3224"},{"taxonomy":"product_tag","embeddable":true,"href":"https:\/\/aciumedus.lt\/en\/wp-json\/wp\/v2\/product_tag?post=3224"}],"curies":[{"name":"wp","href":"https:\/\/api.w.org\/{rel}","templated":true}]}}