{"id":4610,"date":"2025-09-15T14:16:53","date_gmt":"2025-09-15T14:16:53","guid":{"rendered":"https:\/\/aciumedus.lt\/?post_type=product&#038;p=4610"},"modified":"2026-03-12T14:12:35","modified_gmt":"2026-03-12T14:12:35","slug":"vasaros-pabaigos-medus-2","status":"publish","type":"product","link":"https:\/\/aciumedus.lt\/en\/product\/vasaros-pabaigos-medus-2\/","title":{"rendered":"Vasaros pabaigos medus"},"content":{"rendered":"<p data-start=\"299\" data-end=\"444\"><strong data-start=\"299\" data-end=\"349\">Paskutinis vasaros pabaigos medaus derlius \u0161iais metais!<\/strong><br data-start=\"349\" data-end=\"352\" \/>Summer is over, but we still have a special gift for you \u2013 the last of the end-of-summer honey! \ud83c\udf6f<\/p>\n<p data-start=\"446\" data-end=\"631\">M\u016bs\u0173 bit\u0117s vis\u0105 vasar\u0105 darb\u0161\u010diai rinko nektar\u0105, o dabar galime pasi\u016blyti ribot\u0105 kiek\u012f paskutinio vasaros pabaigos medaus, kurio skonis \u2013 sodrus, kvapnus ir kupinas vasaros g\u0117li\u0173 ir mi\u0161ko augal\u0173 aromato. \ud83c\udf3c<\/p>\n<p data-start=\"633\" data-end=\"749\">Pasinaudokite i\u0161skirtine galimybe paragauti paskutin\u012f kart\u0105 \u0161iais metais i\u0161sukto medaus i\u0161 m\u016bs\u0173 \u0161eimos bityno Auk\u0161taitijoje!<\/p>\n<p data-start=\"751\" data-end=\"830\">\ud83d\udce9  Orders are accepted through our website, by phone, or via message. Limited quantity.<\/p>","protected":false},"excerpt":{"rendered":"<p>Vasaros pabaigos medus \u2013 sodraus skonio, kvapnus ir kupinas vasaros g\u0117li\u0173 aromato. Ribotas kiekis, tiesiai i\u0161 m\u016bs\u0173 \u0161eimos bityno Auk\u0161taitijoje.<\/p>","protected":false},"featured_media":4611,"comment_status":"open","ping_status":"closed","template":"","meta":{"site-sidebar-layout":"default","site-content-layout":"","ast-site-content-layout":"default","site-content-style":"default","site-sidebar-style":"default","ast-global-header-display":"","ast-banner-title-visibility":"","ast-main-header-display":"","ast-hfb-above-header-display":"","ast-hfb-below-header-display":"","ast-hfb-mobile-header-display":"","site-post-title":"","ast-breadcrumbs-content":"","ast-featured-img":"","footer-sml-layout":"","ast-disable-related-posts":"","theme-transparent-header-meta":"default","adv-header-id-meta":"","stick-header-meta":"","header-above-stick-meta":"","header-main-stick-meta":"","header-below-stick-meta":"","astra-migrate-meta-layouts":"set","ast-page-background-enabled":"default","ast-page-background-meta":{"desktop":{"background-color":"var(--ast-global-color-4)","background-image":"","background-repeat":"repeat","background-position":"center center","background-size":"auto","background-attachment":"scroll","background-type":"","background-media":"","overlay-type":"","overlay-color":"","overlay-opacity":"","overlay-gradient":""},"tablet":{"background-color":"","background-image":"","background-repeat":"repeat","background-position":"center center","background-size":"auto","background-attachment":"scroll","background-type":"","background-media":"","overlay-type":"","overlay-color":"","overlay-opacity":"","overlay-gradient":""},"mobile":{"background-color":"","background-image":"","background-repeat":"repeat","background-position":"center center","background-size":"auto","background-attachment":"scroll","background-type":"","background-media":"","overlay-type":"","overlay-color":"","overlay-opacity":"","overlay-gradient":""}},"ast-content-background-meta":{"desktop":{"background-color":"var(--ast-global-color-5)","background-image":"","background-repeat":"repeat","background-position":"center center","background-size":"auto","background-attachment":"scroll","background-type":"","background-media":"","overlay-type":"","overlay-color":"","overlay-opacity":"","overlay-gradient":""},"tablet":{"background-color":"var(--ast-global-color-5)","background-image":"","background-repeat":"repeat","background-position":"center center","background-size":"auto","background-attachment":"scroll","background-type":"","background-media":"","overlay-type":"","overlay-color":"","overlay-opacity":"","overlay-gradient":""},"mobile":{"background-color":"var(--ast-global-color-5)","background-image":"","background-repeat":"repeat","background-position":"center center","background-size":"auto","background-attachment":"scroll","background-type":"","background-media":"","overlay-type":"","overlay-color":"","overlay-opacity":"","overlay-gradient":""}}},"product_brand":[],"product_cat":[23],"product_tag":[62,56,55,60],"class_list":{"0":"post-4610","1":"product","2":"type-product","3":"status-publish","4":"has-post-thumbnail","6":"product_cat-medus","7":"product_tag-biciu-produktai","8":"product_tag-lietuviskas-medus","9":"product_tag-naturalus-medus","10":"product_tag-vasaros-medus","11":"desktop-align-left","12":"tablet-align-left","13":"mobile-align-left","15":"first","16":"instock","17":"shipping-taxable","18":"purchasable","19":"product-type-simple"},"_links":{"self":[{"href":"https:\/\/aciumedus.lt\/en\/wp-json\/wp\/v2\/product\/4610","targetHints":{"allow":["GET"]}}],"collection":[{"href":"https:\/\/aciumedus.lt\/en\/wp-json\/wp\/v2\/product"}],"about":[{"href":"https:\/\/aciumedus.lt\/en\/wp-json\/wp\/v2\/types\/product"}],"replies":[{"embeddable":true,"href":"https:\/\/aciumedus.lt\/en\/wp-json\/wp\/v2\/comments?post=4610"}],"wp:featuredmedia":[{"embeddable":true,"href":"https:\/\/aciumedus.lt\/en\/wp-json\/wp\/v2\/media\/4611"}],"wp:attachment":[{"href":"https:\/\/aciumedus.lt\/en\/wp-json\/wp\/v2\/media?parent=4610"}],"wp:term":[{"taxonomy":"product_brand","embeddable":true,"href":"https:\/\/aciumedus.lt\/en\/wp-json\/wp\/v2\/product_brand?post=4610"},{"taxonomy":"product_cat","embeddable":true,"href":"https:\/\/aciumedus.lt\/en\/wp-json\/wp\/v2\/product_cat?post=4610"},{"taxonomy":"product_tag","embeddable":true,"href":"https:\/\/aciumedus.lt\/en\/wp-json\/wp\/v2\/product_tag?post=4610"}],"curies":[{"name":"wp","href":"https:\/\/api.w.org\/{rel}","templated":true}]}}